{"id":3208,"date":"2026-05-09T12:18:10","date_gmt":"2026-05-09T04:18:10","guid":{"rendered":"https:\/\/thuncables.com\/product\/ul3398\/"},"modified":"2026-05-09T15:52:19","modified_gmt":"2026-05-09T07:52:19","slug":"ul3398","status":"publish","type":"product","link":"https:\/\/thuncables.com\/fr\/produit\/ul3398\/","title":{"rendered":"UL3398"},"content":{"rendered":"<p style=\"text-align: center;\"><strong>UL<\/strong><strong>3398<\/strong><strong>\u00a0Fiche technique<\/strong><\/p>\n<p><strong>\u00a0<\/strong><\/p>\n<table>\n<tbody>\n<tr>\n<td colspan=\"3\" width=\"225\"><strong>Chef d'orchestre<\/strong><\/td>\n<td colspan=\"2\" width=\"157\"><strong>Isolation<\/strong><\/td>\n<td rowspan=\"2\" width=\"84\"><strong>Maximum<\/strong><\/p>\n<p><strong>R\u00e9sistance du conducteur<\/strong><\/p>\n<p><strong>(\u03a9\/Km,20\u2103)<\/strong><\/td>\n<td rowspan=\"2\" width=\"91\">&nbsp;<\/p>\n<p><strong>Di\u00e9lectrique<\/strong><\/p>\n<p><strong>Force (Vac,1min)<\/strong><\/td>\n<\/tr>\n<tr>\n<td width=\"80\"><strong>Taille (AWG)<\/strong><\/td>\n<td width=\"79\"><strong>La construction<\/strong><\/p>\n<p><strong>(No\/mm)<\/strong><\/td>\n<td width=\"64\"><strong>Diam\u00e8tre (mm)<\/strong><\/td>\n<td width=\"79\"><strong>\u00c9paisseur<\/strong><\/p>\n<p><strong>(mm)<\/strong><\/td>\n<td width=\"78\"><strong>Diam\u00e8tre ext\u00e9rieur (mm)<\/strong><\/td>\n<\/tr>\n<tr>\n<td width=\"80\">30<\/td>\n<td width=\"80\">7\/0.100<\/td>\n<td width=\"80\">0.30<\/td>\n<td width=\"81\">0.38<\/td>\n<td width=\"80\">1.10<\/td>\n<td width=\"79\">381<\/td>\n<td width=\"80\">2000<\/td>\n<\/tr>\n<tr>\n<td width=\"80\">28<\/td>\n<td width=\"80\">7\/0.127<\/td>\n<td width=\"80\">0.38<\/td>\n<td width=\"81\">0.38<\/td>\n<td width=\"80\">1.20<\/td>\n<td width=\"79\">239<\/td>\n<td width=\"80\">2000<\/td>\n<\/tr>\n<tr>\n<td width=\"80\">26<\/td>\n<td width=\"80\">7\/0.160<\/td>\n<td width=\"80\">0.48<\/td>\n<td width=\"81\">0.38<\/td>\n<td width=\"80\">1.30<\/td>\n<td width=\"79\">150<\/td>\n<td width=\"80\">2000<\/td>\n<\/tr>\n<tr>\n<td width=\"80\">24<\/td>\n<td width=\"80\">11\/0.160<\/td>\n<td width=\"80\">0.61<\/td>\n<td width=\"81\">0.38<\/td>\n<td width=\"80\">1.40<\/td>\n<td width=\"79\">94.2<\/td>\n<td width=\"80\">2000<\/td>\n<\/tr>\n<tr>\n<td width=\"80\">22<\/td>\n<td width=\"80\">17\/0.160<\/td>\n<td width=\"80\">0.76<\/td>\n<td width=\"81\">0.38<\/td>\n<td width=\"80\">1.60<\/td>\n<td width=\"79\">59.4<\/td>\n<td width=\"80\">2000<\/td>\n<\/tr>\n<tr>\n<td width=\"80\">20<\/td>\n<td width=\"80\">26\/0.160<\/td>\n<td width=\"80\">0.94<\/td>\n<td width=\"81\">0.38<\/td>\n<td width=\"80\">1.80<\/td>\n<td width=\"79\">37.6<\/td>\n<td width=\"80\">2000<\/td>\n<\/tr>\n<tr>\n<td width=\"80\">18<\/td>\n<td width=\"80\">41\/0.160<\/td>\n<td width=\"80\">1.18<\/td>\n<td width=\"81\">0.38<\/td>\n<td width=\"80\">2.10<\/td>\n<td width=\"79\">23.9<\/td>\n<td width=\"80\">2000<\/td>\n<\/tr>\n<\/tbody>\n<\/table>\n<p style=\"text-align: center;\">","protected":false},"excerpt":{"rendered":"<p>C\u00e2bles ignifuges \u00e0 faibles \u00e9missions pour les syst\u00e8mes \u00e9lectriques industriels, automobiles et de s\u00e9curit\u00e9, homologu\u00e9s UL.<\/p>","protected":false},"featured_media":862,"comment_status":"closed","ping_status":"closed","template":"","meta":{"_acf_changed":false},"product_brand":[],"product_cat":[103,104,105],"product_tag":[],"class_list":{"0":"post-3208","1":"product","2":"type-product","3":"status-publish","4":"has-post-thumbnail","6":"product_cat-electronic-hook-up-wires","7":"product_cat-halogen-free-wires","8":"product_cat-ul-certified-models","10":"first","11":"instock","12":"product-type-variable"},"acf":[],"_links":{"self":[{"href":"https:\/\/thuncables.com\/fr\/wp-json\/wp\/v2\/product\/3208","targetHints":{"allow":["GET"]}}],"collection":[{"href":"https:\/\/thuncables.com\/fr\/wp-json\/wp\/v2\/product"}],"about":[{"href":"https:\/\/thuncables.com\/fr\/wp-json\/wp\/v2\/types\/product"}],"replies":[{"embeddable":true,"href":"https:\/\/thuncables.com\/fr\/wp-json\/wp\/v2\/comments?post=3208"}],"wp:featuredmedia":[{"embeddable":true,"href":"https:\/\/thuncables.com\/fr\/wp-json\/wp\/v2\/media\/862"}],"wp:attachment":[{"href":"https:\/\/thuncables.com\/fr\/wp-json\/wp\/v2\/media?parent=3208"}],"wp:term":[{"taxonomy":"product_brand","embeddable":true,"href":"https:\/\/thuncables.com\/fr\/wp-json\/wp\/v2\/product_brand?post=3208"},{"taxonomy":"product_cat","embeddable":true,"href":"https:\/\/thuncables.com\/fr\/wp-json\/wp\/v2\/product_cat?post=3208"},{"taxonomy":"product_tag","embeddable":true,"href":"https:\/\/thuncables.com\/fr\/wp-json\/wp\/v2\/product_tag?post=3208"}],"curies":[{"name":"wp","href":"https:\/\/api.w.org\/{rel}","templated":true}]}}