{"id":3,"date":"2025-02-19T06:45:23","date_gmt":"2025-02-19T06:45:23","guid":{"rendered":"http:\/\/thuncables.com\/?page_id=3"},"modified":"2025-03-15T17:00:22","modified_gmt":"2025-03-15T09:00:22","slug":"privacy-policy","status":"publish","type":"page","link":"https:\/\/thuncables.com\/fr\/privacy-policy\/","title":{"rendered":"Politique de confidentialit\u00e9"},"content":{"rendered":"<h2 class=\"wp-block-heading\"><strong><b>Politique de confidentialit\u00e9<\/b><\/strong><\/h2>\r\n<p>La pr\u00e9sente politique de confidentialit\u00e9 d\u00e9crit la mani\u00e8re dont vos informations personnelles sont collect\u00e9es, utilis\u00e9es et partag\u00e9es lorsque vous visitez ou effectuez un achat sur notre site.<\/p>\r\n<p><strong><b>LES INFORMATIONS PERSONNELLES QUE NOUS RECUEILLONS<\/b><\/strong><\/p>\r\n<p>Lorsque vous visitez le site, nous recueillons automatiquement certaines informations sur votre appareil, notamment sur votre navigateur web, votre adresse IP, votre fuseau horaire et certains des cookies install\u00e9s sur votre appareil. En outre, lorsque vous naviguez sur le site, nous recueillons des informations sur les pages web ou les produits que vous consultez, sur les sites web ou les termes de recherche qui vous ont renvoy\u00e9 sur le site et sur la mani\u00e8re dont vous interagissez avec le site. Ces informations collect\u00e9es automatiquement sont appel\u00e9es \"informations sur l'appareil\".<\/p>\r\n<p><strong><b>Informations sur l'appareil que nous collectons<\/b><\/strong><\/p>\r\n<p>- Les \"cookies\" sont des fichiers de donn\u00e9es qui sont plac\u00e9s sur votre appareil ou votre ordinateur et qui comprennent souvent un identifiant unique anonyme. Pour plus d'informations sur les cookies et sur la mani\u00e8re de les d\u00e9sactiver, veuillez consulter le site suivant\u00a0<a href=\"https:\/\/link.zhihu.com\/?target=http:\/\/www.allaboutcookies.org\">http:\/\/www.allaboutcookies.org<\/a>.<\/p>\r\n<p>- Les \"fichiers journaux\" suivent les actions effectu\u00e9es sur le site et recueillent des donn\u00e9es telles que votre adresse IP, votre type de navigateur, votre fournisseur d'acc\u00e8s \u00e0 Internet, les pages de renvoi et de sortie, ainsi que les horodatages.<\/p>\r\n<p>- Les \"balises web\", les \"tags\" et les \"pixels\" sont des fichiers \u00e9lectroniques utilis\u00e9s pour enregistrer des informations sur la fa\u00e7on dont vous naviguez sur le site.<\/p>\r\n<p>En outre, lorsque vous effectuez ou tentez d'effectuer un achat par l'interm\u00e9diaire du site, nous recueillons certaines informations vous concernant, notamment votre nom, votre adresse de facturation, votre adresse de livraison, vos informations de paiement (y compris les num\u00e9ros de carte de cr\u00e9dit), votre adresse \u00e9lectronique et votre num\u00e9ro de t\u00e9l\u00e9phone. Ces informations sont appel\u00e9es \"informations relatives \u00e0 la commande\".<\/p>\r\n<p>Lorsque nous parlons d'\"informations personnelles\" dans la pr\u00e9sente politique de confidentialit\u00e9, nous parlons \u00e0 la fois des informations relatives \u00e0 l'appareil et des informations relatives \u00e0 la commande.<\/p>\r\n<p><strong><b>COMMENT UTILISONS-NOUS VOS INFORMATIONS PERSONNELLES ?<\/b><\/strong><\/p>\r\n<p>Nous utilisons les informations relatives aux commandes que nous recueillons g\u00e9n\u00e9ralement pour honorer les commandes pass\u00e9es sur le site (y compris le traitement de vos informations de paiement, l'organisation de l'exp\u00e9dition et l'envoi de factures et\/ou de confirmations de commande). En outre, nous utilisons ces informations de commande pour :<\/p>\r\n<p>- Communiquer avec vous ;<\/p>\r\n<p>- Examiner nos commandes pour d\u00e9tecter les risques ou les fraudes potentielles ;<\/p>\r\n<p>- Conform\u00e9ment aux pr\u00e9f\u00e9rences que vous avez partag\u00e9es avec nous, vous fournir des informations ou de la publicit\u00e9 concernant nos produits ou services.<\/p>\r\n<p>Nous utilisons les informations relatives \u00e0 l'appareil que nous recueillons pour nous aider \u00e0 d\u00e9tecter les risques et les fraudes potentiels (en particulier, votre adresse IP) et, plus g\u00e9n\u00e9ralement, pour am\u00e9liorer et optimiser notre site (par exemple, en g\u00e9n\u00e9rant des analyses sur la mani\u00e8re dont nos clients naviguent et interagissent avec le site, et pour \u00e9valuer le succ\u00e8s de nos campagnes de marketing et de publicit\u00e9).<\/p>\r\n<p><strong><b>PARTAGE DE VOS INFORMATIONS PERSONNELLES<\/b><\/strong><\/p>\r\n<p>Nous partageons vos informations personnelles avec des tiers qui nous aident \u00e0 les utiliser, comme d\u00e9crit ci-dessus. Par exemple, nous utilisons Wordpress Soft pour alimenter notre site web.<\/p>\r\n<p>Nous utilisons \u00e9galement Google Analytics pour nous aider \u00e0 comprendre comment nos clients utilisent le site - vous pouvez en savoir plus sur la fa\u00e7on dont Google utilise vos informations personnelles ici :\u00a0<a href=\"https:\/\/link.zhihu.com\/?target=https:\/\/www.google.com\/intl\/en\/policies\/privacy\/\">https:\/\/www.google.com\/intl\/en\/policies\/privacy\/<\/a>. Vous pouvez \u00e9galement d\u00e9sactiver Google Analytics ici :\u00a0<a href=\"https:\/\/link.zhihu.com\/?target=https:\/\/tools.google.com\/dlpage\/gaoptout\">https:\/\/tools.google.com\/dlpage\/gaoptout<\/a>.<\/p>\r\n<p>Enfin, nous pouvons \u00e9galement partager vos informations personnelles pour nous conformer aux lois et r\u00e9glementations applicables, pour r\u00e9pondre \u00e0 une citation \u00e0 compara\u00eetre, \u00e0 un mandat de perquisition ou \u00e0 toute autre demande l\u00e9gale d'informations que nous recevons, ou pour prot\u00e9ger nos droits de toute autre mani\u00e8re.<\/p>\r\n<p><strong><b>LA PUBLICIT\u00c9 COMPORTEMENTALE<\/b><\/strong><\/p>\r\n<p>Comme d\u00e9crit ci-dessus, nous utilisons vos informations personnelles pour vous fournir des publicit\u00e9s cibl\u00e9es ou des communications marketing que nous pensons susceptibles de vous int\u00e9resser. Pour plus d'informations sur le fonctionnement de la publicit\u00e9 cibl\u00e9e, vous pouvez consulter la page \u00e9ducative de la Network Advertising Initiative (\"NAI\") \u00e0 l'adresse suivante\u00a0<a href=\"https:\/\/link.zhihu.com\/?target=http:\/\/www.networkadvertising.org\/understanding-online-advertising\/how-does-it-work\">http:\/\/www.networkadvertising.org\/understanding-online-advertising\/how-does-it-work<\/a>.<\/p>\r\n<p>Vous pouvez refuser la publicit\u00e9 cibl\u00e9e en utilisant les liens ci-dessous :<\/p>\r\n<p>- Facebook :\u00a0<a href=\"https:\/\/link.zhihu.com\/?target=https:\/\/www.facebook.com\/settings\/?tab=ads\">https:\/\/www.facebook.com\/settings\/?tab=ads<\/a><\/p>\r\n<p>- Google :\u00a0<a href=\"https:\/\/link.zhihu.com\/?target=https:\/\/www.google.com\/settings\/ads\/anonymous\">https:\/\/www.google.com\/settings\/ads\/anonymous<\/a><\/p>\r\n<p>- Bing :\u00a0<a href=\"https:\/\/link.zhihu.com\/?target=https:\/\/advertise.bingads.microsoft.com\/en-us\/resources\/policies\/personalized-ads\">https:\/\/advertise.bingads.microsoft.com\/en-us\/resources\/policies\/personalized-ads<\/a><\/p>\r\n<p>En outre, vous pouvez refuser certains de ces services en visitant le portail de d\u00e9sactivation de la Digital Advertising Alliance (Alliance pour la publicit\u00e9 num\u00e9rique) \u00e0 l'adresse suivante\u00a0<a href=\"https:\/\/link.zhihu.com\/?target=http:\/\/optout.aboutads.info\/\">http:\/\/optout.aboutads.info\/<\/a>.<\/p>\r\n<p><strong><b>NE PAS SUIVRE<\/b><\/strong><\/p>\r\n<p>Veuillez noter que nous ne modifions pas les pratiques de collecte et d'utilisation des donn\u00e9es de notre site lorsque nous recevons un signal \"Do Not Track\" de votre navigateur.<\/p>\r\n<p><strong><b>VOS DROITS<\/b><\/strong><\/p>\r\n<p>Si vous \u00eates r\u00e9sident europ\u00e9en, vous avez le droit d'acc\u00e9der aux informations personnelles que nous d\u00e9tenons \u00e0 votre sujet et de demander que ces informations soient corrig\u00e9es, mises \u00e0 jour ou supprim\u00e9es. Si vous souhaitez exercer ce droit, veuillez nous contacter aux coordonn\u00e9es ci-dessous.<\/p>\r\n<p>En outre, si vous \u00eates un r\u00e9sident europ\u00e9en, nous notons que nous traitons vos informations afin d'ex\u00e9cuter les contrats que nous pourrions avoir avec vous (par exemple si vous passez une commande par l'interm\u00e9diaire du site), ou autrement pour poursuivre nos int\u00e9r\u00eats commerciaux l\u00e9gitimes \u00e9num\u00e9r\u00e9s ci-dessus. En outre, veuillez noter que vos informations seront transf\u00e9r\u00e9es en dehors de l'Europe, y compris au Canada et aux \u00c9tats-Unis.<\/p>\r\n<p><strong><b>CONSERVATION DES DONN\u00c9ES<\/b><\/strong><\/p>\r\n<p>Lorsque vous passez une commande sur le site, nous conservons les informations relatives \u00e0 votre commande dans nos dossiers, \u00e0 moins que vous ne nous demandiez de supprimer ces informations.<\/p>\r\n<p><strong><b>CHANGEMENTS<\/b><\/strong><\/p>\r\n<p>Nous pouvons mettre \u00e0 jour cette politique de confidentialit\u00e9 de temps \u00e0 autre afin de refl\u00e9ter, par exemple, les changements apport\u00e9s \u00e0 nos pratiques ou pour d'autres raisons op\u00e9rationnelles, juridiques ou r\u00e9glementaires.<\/p>\r\n<p><strong><b>MINEURS<\/b><\/strong><\/p>\r\n<p>Le site n'est pas destin\u00e9 aux personnes de moins de 13 ans.<\/p>\r\n<p><strong><b>CONTACTEZ-NOUS<\/b><\/strong><\/p>\r\n<p>Pour plus d'informations sur nos pratiques en mati\u00e8re de protection de la vie priv\u00e9e, si vous avez des questions ou si vous souhaitez d\u00e9poser une plainte, veuillez nous contacter aux coordonn\u00e9es indiqu\u00e9es ci-dessous :<\/p>\r\n<p>Nom de la soci\u00e9t\u00e9\uff1aDongguan Chitian Electronics Technology Co, Ltd.<\/p>\r\n<p>compnay_email\uff1a<a href=\"mailto:nicoleshen685@gmail.com\">nicoleshen685@gmail.com<\/a><\/p>\r\n<p>compnay_address\uff1aNo.16, Sifang Industrial Park, Huimen Town, Humen Town, Dongguan City, Guangdong Province, People's Republic of China<\/p>","protected":false},"excerpt":{"rendered":"<p>Privacy policy This Privacy Policy describes how your personal information is collected, used, and shared when you visit or make a purchase on us. PERSONAL INFORMATION WE COLLECT When you visit the Site, we automatically collect certain information about your device, including information about your web browser, IP address, time zone, and some of the [&hellip;]<\/p>","protected":false},"author":1,"featured_media":0,"parent":0,"menu_order":0,"comment_status":"closed","ping_status":"open","template":"","meta":{"_acf_changed":false,"footnotes":""},"class_list":["post-3","page","type-page","status-publish","hentry"],"acf":[],"_links":{"self":[{"href":"https:\/\/thuncables.com\/fr\/wp-json\/wp\/v2\/pages\/3","targetHints":{"allow":["GET"]}}],"collection":[{"href":"https:\/\/thuncables.com\/fr\/wp-json\/wp\/v2\/pages"}],"about":[{"href":"https:\/\/thuncables.com\/fr\/wp-json\/wp\/v2\/types\/page"}],"author":[{"embeddable":true,"href":"https:\/\/thuncables.com\/fr\/wp-json\/wp\/v2\/users\/1"}],"replies":[{"embeddable":true,"href":"https:\/\/thuncables.com\/fr\/wp-json\/wp\/v2\/comments?post=3"}],"version-history":[{"count":0,"href":"https:\/\/thuncables.com\/fr\/wp-json\/wp\/v2\/pages\/3\/revisions"}],"wp:attachment":[{"href":"https:\/\/thuncables.com\/fr\/wp-json\/wp\/v2\/media?parent=3"}],"curies":[{"name":"wp","href":"https:\/\/api.w.org\/{rel}","templated":true}]}}