{"id":417,"date":"2025-03-15T17:02:02","date_gmt":"2025-03-15T09:02:02","guid":{"rendered":"https:\/\/thuncables.com\/?page_id=417"},"modified":"2025-03-15T17:11:15","modified_gmt":"2025-03-15T09:11:15","slug":"privacy-policy-2","status":"publish","type":"page","link":"https:\/\/thuncables.com\/es\/privacy-policy-2\/","title":{"rendered":"Pol\u00edtica de privacidad"},"content":{"rendered":"<div data-elementor-type=\"wp-page\" data-elementor-id=\"417\" class=\"elementor elementor-417\" data-elementor-post-type=\"page\">\n\t\t\t\t\t\t<section class=\"elementor-section elementor-top-section elementor-element elementor-element-bbc0e20 elementor-section-full_width elementor-section-height-min-height elementor-section-height-default elementor-section-items-middle\" data-id=\"bbc0e20\" data-element_type=\"section\" data-settings=\"{&quot;background_background&quot;:&quot;classic&quot;}\">\n\t\t\t\t\t\t<div class=\"elementor-container elementor-column-gap-default\">\n\t\t\t\t\t<div class=\"elementor-column elementor-col-100 elementor-top-column elementor-element elementor-element-36674cc\" data-id=\"36674cc\" data-element_type=\"column\">\n\t\t\t<div class=\"elementor-widget-wrap elementor-element-populated\">\n\t\t\t\t\t\t\t<\/div>\n\t\t<\/div>\n\t\t\t\t\t<\/div>\n\t\t<\/section>\n\t\t\t\t<section class=\"elementor-section elementor-top-section elementor-element elementor-element-abbb5aa elementor-section-boxed elementor-section-height-default elementor-section-height-default\" data-id=\"abbb5aa\" data-element_type=\"section\" data-settings=\"{&quot;background_background&quot;:&quot;classic&quot;}\">\n\t\t\t\t\t\t<div class=\"elementor-container elementor-column-gap-default\">\n\t\t\t\t\t<div class=\"elementor-column elementor-col-100 elementor-top-column elementor-element elementor-element-d9d3224\" data-id=\"d9d3224\" data-element_type=\"column\">\n\t\t\t<div class=\"elementor-widget-wrap elementor-element-populated\">\n\t\t\t\t\t\t<div class=\"elementor-element elementor-element-6951963 elementor-widget elementor-widget-shortcode\" data-id=\"6951963\" data-element_type=\"widget\" data-widget_type=\"shortcode.default\">\n\t\t\t\t<div class=\"elementor-widget-container\">\n\t\t\t\t\t\t\t<div class=\"elementor-shortcode\">\t\t\t<!-- Flexy Breadcrumb -->\r\n\t\t\t<div class=\"fbc fbc-page\">\r\n\r\n\t\t\t\t<!-- Breadcrumb wrapper -->\r\n\t\t\t\t<div class=\"fbc-wrap\">\r\n\r\n\t\t\t\t\t<!-- Ordered list-->\r\n\t\t\t\t\t<ol class=\"fbc-items\" itemscope itemtype=\"https:\/\/schema.org\/BreadcrumbList\">\r\n\t\t\t\t\t\t            <li itemprop=\"itemListElement\" itemscope itemtype=\"https:\/\/schema.org\/ListItem\">\r\n                <span itemprop=\"name\">\r\n                    <!-- Home Link -->\r\n                    <a itemprop=\"item\" href=\"https:\/\/thuncables.com\/es\/\">\r\n                    \r\n                                                    <i class=\"fa fa-home\" aria-hidden=\"true\"><\/i>Inicio                    <\/a>\r\n                <\/span>\r\n                <meta itemprop=\"position\" content=\"1\" \/><!-- Meta Position-->\r\n             <\/li><li><span class=\"fbc-separator\">\/<\/span><\/li><li class=\"active\" itemprop=\"itemListElement\" itemscope itemtype=\"https:\/\/schema.org\/ListItem\"><span itemprop=\"name\" title=\"Pol\u00edtica de privacidad\">Pol\u00edtica de privacidad<\/span><meta itemprop=\"position\" content=\"2\" \/><\/li>\t\t\t\t\t<\/ol>\r\n\t\t\t\t\t<div class=\"clearfix\"><\/div>\r\n\t\t\t\t<\/div>\r\n\t\t\t<\/div>\r\n\t\t\t<\/div>\n\t\t\t\t\t\t<\/div>\n\t\t\t\t<\/div>\n\t\t\t\t\t<\/div>\n\t\t<\/div>\n\t\t\t\t\t<\/div>\n\t\t<\/section>\n\t\t\t\t<section class=\"elementor-section elementor-top-section elementor-element elementor-element-8429616 elementor-section-boxed elementor-section-height-default elementor-section-height-default\" data-id=\"8429616\" data-element_type=\"section\">\n\t\t\t\t\t\t<div class=\"elementor-container elementor-column-gap-default\">\n\t\t\t\t\t<div class=\"elementor-column elementor-col-100 elementor-top-column elementor-element elementor-element-3c6933c\" data-id=\"3c6933c\" data-element_type=\"column\">\n\t\t\t<div class=\"elementor-widget-wrap elementor-element-populated\">\n\t\t\t\t\t\t<div class=\"elementor-element elementor-element-f914e36 elementor-widget elementor-widget-text-editor\" data-id=\"f914e36\" data-element_type=\"widget\" data-widget_type=\"text-editor.default\">\n\t\t\t\t<div class=\"elementor-widget-container\">\n\t\t\t\t\t\t\t\t\t<h2><strong><b>Pol\u00edtica de privacidad<\/b><\/strong><\/h2><p>Esta Pol\u00edtica de privacidad describe c\u00f3mo se recopila, utiliza y comparte su informaci\u00f3n personal cuando nos visita o realiza una compra.<\/p><p><strong><b>INFORMACI\u00d3N PERSONAL QUE RECOPILAMOS<\/b><\/strong><\/p><p>Cuando visita el Sitio, recopilamos autom\u00e1ticamente cierta informaci\u00f3n sobre su dispositivo, incluida informaci\u00f3n sobre su navegador web, direcci\u00f3n IP, zona horaria y algunas de las cookies instaladas en su dispositivo. Adem\u00e1s, a medida que navega por el sitio, recopilamos informaci\u00f3n sobre las p\u00e1ginas web o productos que visita, qu\u00e9 sitios web o t\u00e9rminos de b\u00fasqueda le han remitido al sitio e informaci\u00f3n sobre c\u00f3mo interact\u00faa con el sitio. Nos referimos a esta informaci\u00f3n recopilada autom\u00e1ticamente como \"Informaci\u00f3n del dispositivo\".<\/p><p><strong><b>Informaci\u00f3n del dispositivo que recopilamos<\/b><\/strong><\/p><p>- Las \"cookies\" son archivos de datos que se colocan en su dispositivo u ordenador y suelen incluir un identificador \u00fanico an\u00f3nimo. Para obtener m\u00e1s informaci\u00f3n sobre las cookies y c\u00f3mo desactivarlas, visite\u00a0<a href=\"https:\/\/link.zhihu.com\/?target=http:\/\/www.allaboutcookies.org\">http:\/\/www.allaboutcookies.org<\/a>.<\/p><p>- Los \"archivos de registro\" rastrean las acciones que se producen en el sitio y recopilan datos como su direcci\u00f3n IP, tipo de navegador, proveedor de servicios de Internet, p\u00e1ginas de referencia\/salida y sellos de fecha\/hora.<\/p><p>- Las \"balizas web\", \"etiquetas\" y \"p\u00edxeles\" son archivos electr\u00f3nicos que se utilizan para registrar informaci\u00f3n sobre c\u00f3mo navega por el Sitio.<\/p><p>Adem\u00e1s, cuando realiza una compra o intenta realizar una compra a trav\u00e9s del Sitio, recopilamos cierta informaci\u00f3n sobre usted, como su nombre, direcci\u00f3n de facturaci\u00f3n, direcci\u00f3n de env\u00edo, informaci\u00f3n de pago (incluidos los n\u00fameros de las tarjetas de cr\u00e9dito), direcci\u00f3n de correo electr\u00f3nico y n\u00famero de tel\u00e9fono. Nos referimos a esta informaci\u00f3n como \"Informaci\u00f3n del pedido\".<\/p><p>Cuando hablamos de \"Datos Personales\" en esta Pol\u00edtica de Privacidad, nos referimos tanto a los Datos del Dispositivo como a los Datos del Pedido.<\/p><p><strong><b>\u00bfC\u00d3MO UTILIZAMOS SUS DATOS PERSONALES?<\/b><\/strong><\/p><p>Utilizamos los Datos del pedido que recopilamos generalmente para tramitar cualquier pedido realizado a trav\u00e9s del Sitio (incluido el procesamiento de su informaci\u00f3n de pago, la organizaci\u00f3n del env\u00edo y el env\u00edo de facturas y\/o confirmaciones de pedido). Adem\u00e1s, utilizamos esta Informaci\u00f3n de pedido para:<\/p><p>- Comunicarnos con usted;<\/p><p>- Examinar nuestros pedidos para detectar posibles riesgos o fraudes;<\/p><p>- Cuando est\u00e9 en consonancia con las preferencias que haya compartido con nosotros, proporcionarle informaci\u00f3n o publicidad relacionada con nuestros productos o servicios.<\/p><p>Utilizamos la Informaci\u00f3n del Dispositivo que recopilamos para ayudarnos a detectar posibles riesgos y fraudes (en particular, su direcci\u00f3n IP) y, de forma m\u00e1s general, para mejorar y optimizar nuestro Sitio (por ejemplo, generando an\u00e1lisis sobre c\u00f3mo nuestros clientes navegan e interact\u00faan con el Sitio, y para evaluar el \u00e9xito de nuestras campa\u00f1as de marketing y publicidad).<\/p><p><strong><b>COMPARTIR SU INFORMACI\u00d3N PERSONAL<\/b><\/strong><\/p><p>Compartimos su Informaci\u00f3n Personal con terceros para que nos ayuden a utilizar su Informaci\u00f3n Personal, tal y como se ha descrito anteriormente. Por ejemplo, utilizamos Wordpress Soft para impulsar nuestro sitio web.<\/p><p>Tambi\u00e9n utilizamos Google Analytics para ayudarnos a comprender c\u00f3mo utilizan el Sitio nuestros clientes. Puede obtener m\u00e1s informaci\u00f3n sobre c\u00f3mo utiliza Google su informaci\u00f3n personal aqu\u00ed:\u00a0<a href=\"https:\/\/link.zhihu.com\/?target=https:\/\/www.google.com\/intl\/en\/policies\/privacy\/\">https:\/\/www.google.com\/intl\/en\/policies\/privacy\/<\/a>. Tambi\u00e9n puede darse de baja de Google Analytics aqu\u00ed:\u00a0<a href=\"https:\/\/link.zhihu.com\/?target=https:\/\/tools.google.com\/dlpage\/gaoptout\">https:\/\/tools.google.com\/dlpage\/gaoptout<\/a>.<\/p><p>Por \u00faltimo, tambi\u00e9n podemos compartir sus Datos Personales para cumplir las leyes y normativas aplicables, para responder a una citaci\u00f3n, orden de registro u otra solicitud legal de informaci\u00f3n que recibamos, o para proteger de otro modo nuestros derechos.<\/p><p><strong><b>PUBLICIDAD COMPORTAMENTAL<\/b><\/strong><\/p><p>Como se ha descrito anteriormente, utilizamos sus Datos Personales para ofrecerle publicidad dirigida o comunicaciones de marketing que creemos que pueden ser de su inter\u00e9s. Para m\u00e1s informaci\u00f3n sobre el funcionamiento de la publicidad dirigida, puede visitar la p\u00e1gina educativa de la Network Advertising Initiative (\"NAI\") en\u00a0<a href=\"https:\/\/link.zhihu.com\/?target=http:\/\/www.networkadvertising.org\/understanding-online-advertising\/how-does-it-work\">http:\/\/www.networkadvertising.org\/understanding-online-advertising\/how-does-it-work<\/a>.<\/p><p>Puede darse de baja de la publicidad dirigida utilizando los enlaces que aparecen a continuaci\u00f3n:<\/p><p>- Facebook:\u00a0<a href=\"https:\/\/link.zhihu.com\/?target=https:\/\/www.facebook.com\/settings\/?tab=ads\">https:\/\/www.facebook.com\/settings\/?tab=ads<\/a><\/p><p>- Google:\u00a0<a href=\"https:\/\/link.zhihu.com\/?target=https:\/\/www.google.com\/settings\/ads\/anonymous\">https:\/\/www.google.com\/settings\/ads\/anonymous<\/a><\/p><p>- Bing:\u00a0<a href=\"https:\/\/link.zhihu.com\/?target=https:\/\/advertise.bingads.microsoft.com\/en-us\/resources\/policies\/personalized-ads\">https:\/\/advertise.bingads.microsoft.com\/en-us\/resources\/policies\/personalized-ads<\/a><\/p><p>Adem\u00e1s, puede darse de baja de algunos de estos servicios visitando el portal de exclusi\u00f3n de la Digital Advertising Alliance en:\u00a0<a href=\"https:\/\/link.zhihu.com\/?target=http:\/\/optout.aboutads.info\/\">http:\/\/optout.aboutads.info\/<\/a>.<\/p><p><strong><b>NO SEGUIR<\/b><\/strong><\/p><p>Tenga en cuenta que no alteramos las pr\u00e1cticas de recopilaci\u00f3n y uso de datos de nuestro Sitio cuando vemos una se\u00f1al Do Not Track de su navegador.<\/p><p><strong><b>SUS DERECHOS<\/b><\/strong><\/p><p>Si usted es residente europeo, tiene derecho a acceder a la informaci\u00f3n personal que tenemos sobre usted y a solicitar que su informaci\u00f3n personal sea corregida, actualizada o eliminada. Si desea ejercer este derecho, p\u00f3ngase en contacto con nosotros a trav\u00e9s de la informaci\u00f3n de contacto que figura a continuaci\u00f3n.<\/p><p>Adem\u00e1s, si usted es residente europeo, le informamos de que procesamos su informaci\u00f3n para cumplir los contratos que podamos tener con usted (por ejemplo, si realiza un pedido a trav\u00e9s del Sitio), o para perseguir nuestros intereses comerciales leg\u00edtimos enumerados anteriormente. Adem\u00e1s, tenga en cuenta que su informaci\u00f3n ser\u00e1 transferida fuera de Europa, incluyendo Canad\u00e1 y Estados Unidos.<\/p><p><strong><b>CONSERVACI\u00d3N DE DATOS<\/b><\/strong><\/p><p>Cuando realice un pedido a trav\u00e9s del Sitio, conservaremos la Informaci\u00f3n del pedido para nuestros registros, a menos que nos solicite que eliminemos dicha informaci\u00f3n y hasta que lo haga.<\/p><p><strong><b>CAMBIOS<\/b><\/strong><\/p><p>Podemos actualizar esta pol\u00edtica de privacidad de vez en cuando para reflejar, por ejemplo, cambios en nuestras pr\u00e1cticas o por otras razones operativas, legales o reglamentarias.<\/p><p><strong><b>MENORES<\/b><\/strong><\/p><p>El Sitio no est\u00e1 destinado a menores de 13 a\u00f1os.<\/p><p><strong><b>CONTACTO<\/b><\/strong><\/p><p>Si desea obtener m\u00e1s informaci\u00f3n sobre nuestras pr\u00e1cticas de privacidad, si tiene alguna pregunta o si desea presentar una queja, p\u00f3ngase en contacto con nosotros a trav\u00e9s de los datos que se indican a continuaci\u00f3n:<\/p><p>compnay_name\uff1aDongguan Chitian Electronics Technology Co.<\/p><p>compnay_email\uff1a<a href=\"mailto:nicoleshen685@gmail.com\">nicoleshen685@gmail.com<\/a><\/p><p>compnay_address\uff1aNo.16, Sifang Industrial Park, Huimen Town, Humen Town, Dongguan City, provincia de Guangdong, Rep\u00fablica Popular China.<\/p>\t\t\t\t\t\t\t\t<\/div>\n\t\t\t\t<\/div>\n\t\t\t\t\t<\/div>\n\t\t<\/div>\n\t\t\t\t\t<\/div>\n\t\t<\/section>\n\t\t\t\t<\/div>","protected":false},"excerpt":{"rendered":"<p>Privacy policy This Privacy Policy describes how your personal information is collected, used, and shared when you visit or make a purchase on us. PERSONAL INFORMATION WE COLLECT When you visit the Site, we automatically collect certain information about your device, including information about your web browser, IP address, time zone, and some of the [&hellip;]<\/p>","protected":false},"author":1,"featured_media":0,"parent":0,"menu_order":0,"comment_status":"closed","ping_status":"closed","template":"elementor_header_footer","meta":{"_acf_changed":false,"footnotes":""},"class_list":["post-417","page","type-page","status-publish","hentry"],"acf":[],"_links":{"self":[{"href":"https:\/\/thuncables.com\/es\/wp-json\/wp\/v2\/pages\/417","targetHints":{"allow":["GET"]}}],"collection":[{"href":"https:\/\/thuncables.com\/es\/wp-json\/wp\/v2\/pages"}],"about":[{"href":"https:\/\/thuncables.com\/es\/wp-json\/wp\/v2\/types\/page"}],"author":[{"embeddable":true,"href":"https:\/\/thuncables.com\/es\/wp-json\/wp\/v2\/users\/1"}],"replies":[{"embeddable":true,"href":"https:\/\/thuncables.com\/es\/wp-json\/wp\/v2\/comments?post=417"}],"version-history":[{"count":0,"href":"https:\/\/thuncables.com\/es\/wp-json\/wp\/v2\/pages\/417\/revisions"}],"wp:attachment":[{"href":"https:\/\/thuncables.com\/es\/wp-json\/wp\/v2\/media?parent=417"}],"curies":[{"name":"wp","href":"https:\/\/api.w.org\/{rel}","templated":true}]}}