{"id":3732,"date":"2026-05-09T12:22:40","date_gmt":"2026-05-09T04:22:40","guid":{"rendered":"https:\/\/thuncables.com\/product\/custom-harnesses-supporting-ulvde-certification\/"},"modified":"2026-05-09T16:34:09","modified_gmt":"2026-05-09T08:34:09","slug":"custom-harnesses-supporting-ulvde-certification","status":"publish","type":"product","link":"https:\/\/thuncables.com\/de\/produkt\/custom-harnesses-supporting-ulvde-certification\/","title":{"rendered":"Kundenspezifische Gurtzeuge, die die ULVDE-Zertifizierung unterst\u00fctzen"},"content":{"rendered":"","protected":false},"excerpt":{"rendered":"<p>Pr\u00e4zisionsgefertigte, weltweit konforme Kabelb\u00e4ume f\u00fcr Automobil-, Industrie- und Telekommunikationsanwendungen, die Haltbarkeit und Sicherheit gew\u00e4hrleisten.<\/p>","protected":false},"featured_media":843,"comment_status":"closed","ping_status":"closed","template":"","meta":{"_acf_changed":false},"product_brand":[],"product_cat":[206,193],"product_tag":[],"class_list":{"0":"post-3732","1":"product","2":"type-product","3":"status-publish","4":"has-post-thumbnail","6":"product_cat-custom-harnesses-supporting-ulvde-certification","7":"product_cat-wire-harness-assembly","9":"first","10":"instock","11":"product-type-variable"},"acf":[],"_links":{"self":[{"href":"https:\/\/thuncables.com\/de\/wp-json\/wp\/v2\/product\/3732","targetHints":{"allow":["GET"]}}],"collection":[{"href":"https:\/\/thuncables.com\/de\/wp-json\/wp\/v2\/product"}],"about":[{"href":"https:\/\/thuncables.com\/de\/wp-json\/wp\/v2\/types\/product"}],"replies":[{"embeddable":true,"href":"https:\/\/thuncables.com\/de\/wp-json\/wp\/v2\/comments?post=3732"}],"wp:featuredmedia":[{"embeddable":true,"href":"https:\/\/thuncables.com\/de\/wp-json\/wp\/v2\/media\/843"}],"wp:attachment":[{"href":"https:\/\/thuncables.com\/de\/wp-json\/wp\/v2\/media?parent=3732"}],"wp:term":[{"taxonomy":"product_brand","embeddable":true,"href":"https:\/\/thuncables.com\/de\/wp-json\/wp\/v2\/product_brand?post=3732"},{"taxonomy":"product_cat","embeddable":true,"href":"https:\/\/thuncables.com\/de\/wp-json\/wp\/v2\/product_cat?post=3732"},{"taxonomy":"product_tag","embeddable":true,"href":"https:\/\/thuncables.com\/de\/wp-json\/wp\/v2\/product_tag?post=3732"}],"curies":[{"name":"wp","href":"https:\/\/api.w.org\/{rel}","templated":true}]}}