{"id":3544,"date":"2026-05-09T12:21:40","date_gmt":"2026-05-09T04:21:40","guid":{"rendered":"https:\/\/thuncables.com\/product\/ul2464\/"},"modified":"2026-05-09T17:14:03","modified_gmt":"2026-05-09T09:14:03","slug":"ul2464","status":"publish","type":"product","link":"https:\/\/thuncables.com\/de\/produkt\/ul2464\/","title":{"rendered":"UL2464"},"content":{"rendered":"<p style=\"text-align: center;\"><strong>UL2464 Shielded Flexible Cable<\/strong><\/p>\n<table>\n<tbody>\n<tr>\n<td rowspan=\"2\" width=\"43\"><strong><b>Gr\u00f6\u00dfe<\/b><\/strong>\u00a0<strong><b>(AWG<\/b><\/strong>\u00a0)<\/td>\n<td colspan=\"3\" width=\"170\"><strong><b>Dirigent<\/b><\/strong><\/td>\n<td colspan=\"3\" width=\"104\"><strong><b>Isolierung<\/b><\/strong><\/td>\n<td rowspan=\"2\" width=\"68\">&nbsp;<\/p>\n<p>&nbsp;<\/p>\n<p><strong><b>Schild<\/b><\/strong><\/td>\n<td width=\"68\"><strong><b>Drain<\/b><\/strong><\/td>\n<td colspan=\"3\" width=\"113\"><strong><b>Jacket<\/b><\/strong><\/td>\n<td rowspan=\"2\" width=\"106\"><strong><b>Maximum<\/b><\/strong>\u00a0\u00a0<strong><b>Dirigent<\/b><\/strong><\/p>\n<p>Widerstand<\/p>\n<p><strong><b>(\u03a9\/Km,20\u2103)<\/b><\/strong><\/td>\n<\/tr>\n<tr>\n<td width=\"83\">Bauwesen<\/p>\n<p>(Nr.\/mm)<\/td>\n<td width=\"47\"><strong><b>Dia<\/b><\/strong>\u00a0<strong><b>(mm)<\/b><\/strong><\/td>\n<td width=\"39\"><strong><b>(No)<\/b><\/strong><\/td>\n<td colspan=\"2\" width=\"56\"><strong><b>Dicke<\/b><\/strong><\/p>\n<p><strong><b>(mm)<\/b><\/strong><\/td>\n<td width=\"48\"><strong><b>O.D<\/b><\/strong>\u00a0<strong><b>(mm)<\/b><\/strong><\/td>\n<td width=\"68\"><strong><b>Construct<\/b><\/strong><strong><b>io<\/b><\/strong><strong><b>n<\/b><\/strong>\u00a0<strong><b>(Nr.\/mm)<\/b><\/strong><\/td>\n<td colspan=\"2\" width=\"58\"><strong><b>Dicke<\/b><\/strong><\/p>\n<p><strong><b>(mm)<\/b><\/strong><\/td>\n<td width=\"54\"><strong><b>O.D<\/b><\/strong>\u00a0<strong><b>(mm)<\/b><\/strong><\/td>\n<\/tr>\n<tr>\n<td width=\"43\">30<\/td>\n<td width=\"83\">7\/0.10<\/td>\n<td width=\"47\">0.30<\/td>\n<td colspan=\"2\" width=\"48\">2<\/td>\n<td width=\"48\">0.25<\/td>\n<td width=\"48\">0.80<\/td>\n<td width=\"68\">Al-mylar+<\/p>\n<p>Copper\u00a0Braid<\/td>\n<td width=\"68\">7\/0.10<\/td>\n<td width=\"56\">0.76<\/td>\n<td colspan=\"2\" width=\"56\">3.50<\/td>\n<td width=\"106\">381<\/td>\n<\/tr>\n<tr>\n<td rowspan=\"9\" width=\"43\">28<\/td>\n<td rowspan=\"9\" width=\"83\">7\/0.127<\/td>\n<td rowspan=\"9\" width=\"47\">0.38<\/td>\n<td colspan=\"2\" width=\"48\">2<\/td>\n<td width=\"48\">0.25<\/td>\n<td width=\"48\">1.10<\/td>\n<td rowspan=\"9\" width=\"68\">Al-mylar+<\/p>\n<p>Copper\u00a0Braid<\/td>\n<td rowspan=\"9\" width=\"68\">7\/0.127<\/td>\n<td width=\"56\">0.76<\/td>\n<td colspan=\"2\" width=\"56\">3.60<\/td>\n<td rowspan=\"9\" width=\"106\">239<\/td>\n<\/tr>\n<tr>\n<td colspan=\"2\" width=\"48\">3<\/td>\n<td width=\"48\">0.25<\/td>\n<td width=\"48\">1.10<\/td>\n<td width=\"56\">0.76<\/td>\n<td colspan=\"2\" width=\"56\">3.80<\/td>\n<\/tr>\n<tr>\n<td colspan=\"2\" width=\"48\">4<\/td>\n<td width=\"48\">0.25<\/td>\n<td width=\"48\">1.10<\/td>\n<td width=\"56\">0.76<\/td>\n<td colspan=\"2\" width=\"56\">4.00<\/td>\n<\/tr>\n<tr>\n<td colspan=\"2\" width=\"48\">5<\/td>\n<td width=\"48\">0.25<\/td>\n<td width=\"48\">1.10<\/td>\n<td width=\"56\">0.76<\/td>\n<td colspan=\"2\" width=\"56\">4.30<\/td>\n<\/tr>\n<tr>\n<td colspan=\"2\" width=\"48\">6<\/td>\n<td width=\"48\">0.25<\/td>\n<td width=\"48\">1.10<\/td>\n<td width=\"56\">0.76<\/td>\n<td colspan=\"2\" width=\"56\">4.50<\/td>\n<\/tr>\n<tr>\n<td colspan=\"2\" width=\"48\">7<\/td>\n<td width=\"48\">0.25<\/td>\n<td width=\"48\">1.10<\/td>\n<td width=\"56\">0.76<\/td>\n<td colspan=\"2\" width=\"56\">4.50<\/td>\n<\/tr>\n<tr>\n<td colspan=\"2\" width=\"48\">8<\/td>\n<td width=\"48\">0.25<\/td>\n<td width=\"48\">1.10<\/td>\n<td width=\"56\">0.76<\/td>\n<td colspan=\"2\" width=\"56\">4.80<\/td>\n<\/tr>\n<tr>\n<td colspan=\"2\" width=\"48\">9<\/td>\n<td width=\"48\">0.25<\/td>\n<td width=\"48\">1.10<\/td>\n<td width=\"56\">0.76<\/td>\n<td colspan=\"2\" width=\"56\">5.20<\/td>\n<\/tr>\n<tr>\n<td colspan=\"2\" width=\"48\">10<\/td>\n<td width=\"48\">0.25<\/td>\n<td width=\"48\">1.10<\/td>\n<td width=\"56\">0.76<\/td>\n<td colspan=\"2\" width=\"56\">5.40<\/td>\n<\/tr>\n<tr>\n<td rowspan=\"9\" width=\"43\">26<\/td>\n<td rowspan=\"9\" width=\"83\">7\/0.16<\/td>\n<td rowspan=\"9\" width=\"47\">0.48<\/td>\n<td colspan=\"2\" width=\"48\">2<\/td>\n<td width=\"48\">0.26<\/td>\n<td width=\"48\">1.00<\/td>\n<td rowspan=\"9\" width=\"68\">Al-mylar+<\/p>\n<p>Copper\u00a0Braid<\/td>\n<td rowspan=\"9\" width=\"68\">7\/0.16<\/td>\n<td width=\"56\">0.76<\/td>\n<td colspan=\"2\" width=\"56\">3.80<\/td>\n<td rowspan=\"9\" width=\"106\">150<\/td>\n<\/tr>\n<tr>\n<td colspan=\"2\" width=\"48\">3<\/td>\n<td width=\"48\">0.26<\/td>\n<td width=\"48\">1.00<\/td>\n<td width=\"56\">0.76<\/td>\n<td colspan=\"2\" width=\"56\">4.00<\/td>\n<\/tr>\n<tr>\n<td colspan=\"2\" width=\"48\">4<\/td>\n<td width=\"48\">0.26<\/td>\n<td width=\"48\">1.00<\/td>\n<td width=\"56\">0.76<\/td>\n<td colspan=\"2\" width=\"56\">4.30<\/td>\n<\/tr>\n<tr>\n<td colspan=\"2\" width=\"48\">5<\/td>\n<td width=\"48\">0.26<\/td>\n<td width=\"48\">1.00<\/td>\n<td width=\"56\">0.76<\/td>\n<td colspan=\"2\" width=\"56\">4.50<\/td>\n<\/tr>\n<tr>\n<td colspan=\"2\" width=\"48\">6<\/td>\n<td width=\"48\">0.26<\/td>\n<td width=\"48\">1.00<\/td>\n<td width=\"56\">0.76<\/td>\n<td colspan=\"2\" width=\"56\">4.80<\/td>\n<\/tr>\n<tr>\n<td colspan=\"2\" width=\"48\">7<\/td>\n<td width=\"48\">0.26<\/td>\n<td width=\"48\">1.0<\/td>\n<td width=\"56\">0.76<\/td>\n<td colspan=\"2\" width=\"56\">4.80<\/td>\n<\/tr>\n<tr>\n<td colspan=\"2\" width=\"48\">8<\/td>\n<td width=\"48\">0.26<\/td>\n<td width=\"48\">1.00<\/td>\n<td width=\"56\">0.76<\/td>\n<td colspan=\"2\" width=\"56\">5.20<\/td>\n<\/tr>\n<tr>\n<td colspan=\"2\" width=\"48\">9<\/td>\n<td width=\"48\">0.26<\/td>\n<td width=\"48\">1.00<\/td>\n<td width=\"56\">0.76<\/td>\n<td colspan=\"2\" width=\"56\">5.50<\/td>\n<\/tr>\n<tr>\n<td colspan=\"2\" width=\"48\">10<\/td>\n<td width=\"48\">0.26<\/td>\n<td width=\"48\">1.00<\/td>\n<td width=\"56\">0.76<\/td>\n<td colspan=\"2\" width=\"56\">5.80<\/td>\n<\/tr>\n<tr>\n<td rowspan=\"9\" width=\"43\">24<\/td>\n<td rowspan=\"9\" width=\"83\">11\/0.16<\/td>\n<td rowspan=\"9\" width=\"47\">0.61<\/td>\n<td colspan=\"2\" width=\"48\">2<\/td>\n<td width=\"48\">0.25<\/td>\n<td width=\"48\">1.10<\/td>\n<td rowspan=\"9\" width=\"68\">Al-mylar+<\/p>\n<p>Copper\u00a0Braid<\/td>\n<td rowspan=\"9\" width=\"68\">11\/0.16<\/td>\n<td width=\"56\">0.76<\/td>\n<td colspan=\"2\" width=\"56\">4.00<\/td>\n<td rowspan=\"9\" width=\"106\">94.2<\/td>\n<\/tr>\n<tr>\n<td colspan=\"2\" width=\"48\">3<\/td>\n<td width=\"48\">0.25<\/td>\n<td width=\"48\">1.10<\/td>\n<td width=\"56\">0.76<\/td>\n<td colspan=\"2\" width=\"56\">4.20<\/td>\n<\/tr>\n<tr>\n<td colspan=\"2\" width=\"48\">4<\/td>\n<td width=\"48\">0.25<\/td>\n<td width=\"48\">1.10<\/td>\n<td width=\"56\">0.76<\/td>\n<td colspan=\"2\" width=\"56\">4.50<\/td>\n<\/tr>\n<tr>\n<td colspan=\"2\" width=\"48\">5<\/td>\n<td width=\"48\">0.25<\/td>\n<td width=\"48\">1.10<\/td>\n<td width=\"56\">0.76<\/td>\n<td colspan=\"2\" width=\"56\">4.80<\/td>\n<\/tr>\n<tr>\n<td colspan=\"2\" width=\"48\">6<\/td>\n<td width=\"48\">0.25<\/td>\n<td width=\"48\">1.10<\/td>\n<td width=\"56\">0.76<\/td>\n<td colspan=\"2\" width=\"56\">5.20<\/td>\n<\/tr>\n<tr>\n<td colspan=\"2\" width=\"48\">7<\/td>\n<td width=\"48\">0.25<\/td>\n<td width=\"48\">1.10<\/td>\n<td width=\"56\">0.76<\/td>\n<td colspan=\"2\" width=\"56\">5.20<\/td>\n<\/tr>\n<tr>\n<td colspan=\"2\" width=\"48\">8<\/td>\n<td width=\"48\">0.25<\/td>\n<td width=\"48\">1.10<\/td>\n<td width=\"56\">0.76<\/td>\n<td colspan=\"2\" width=\"56\">5.50<\/td>\n<\/tr>\n<tr>\n<td colspan=\"2\" width=\"48\">9<\/td>\n<td width=\"48\">0.25<\/td>\n<td width=\"48\">1.10<\/td>\n<td width=\"56\">0.76<\/td>\n<td colspan=\"2\" width=\"56\">6.00<\/td>\n<\/tr>\n<tr>\n<td colspan=\"2\" width=\"48\">10<\/td>\n<td width=\"48\">0.25<\/td>\n<td width=\"48\">1.10<\/td>\n<td width=\"56\">0.76<\/td>\n<td colspan=\"2\" width=\"56\">6.20<\/td>\n<\/tr>\n<tr>\n<td rowspan=\"9\" width=\"43\">22<\/td>\n<td rowspan=\"9\" width=\"83\">17\/0.16<\/td>\n<td rowspan=\"9\" width=\"47\">0.76<\/td>\n<td colspan=\"2\" width=\"48\">2<\/td>\n<td width=\"48\">0.26<\/td>\n<td width=\"48\">1.30<\/td>\n<td rowspan=\"9\" width=\"68\">Al-mylar+<\/p>\n<p>Copper\u00a0Braid<\/td>\n<td rowspan=\"9\" width=\"68\">17\/0.16<\/td>\n<td width=\"56\">0.76<\/td>\n<td colspan=\"2\" width=\"56\">4.50<\/td>\n<td rowspan=\"9\" width=\"106\">59.4<\/td>\n<\/tr>\n<tr>\n<td colspan=\"2\" width=\"48\">3<\/td>\n<td width=\"48\">0.26<\/td>\n<td width=\"48\">1.30<\/td>\n<td width=\"56\">0.76<\/td>\n<td colspan=\"2\" width=\"56\">4.70<\/td>\n<\/tr>\n<tr>\n<td colspan=\"2\" width=\"48\">4<\/td>\n<td width=\"48\">0.26<\/td>\n<td width=\"48\">1.30<\/td>\n<td width=\"56\">0.76<\/td>\n<td colspan=\"2\" width=\"56\">5.00<\/td>\n<\/tr>\n<tr>\n<td colspan=\"2\" width=\"48\">5<\/td>\n<td width=\"48\">0.26<\/td>\n<td width=\"48\">1.30<\/td>\n<td width=\"56\">0.76<\/td>\n<td colspan=\"2\" width=\"56\">5.40<\/td>\n<\/tr>\n<tr>\n<td colspan=\"2\" width=\"48\">6<\/td>\n<td width=\"48\">0.26<\/td>\n<td width=\"48\">1.30<\/td>\n<td width=\"56\">0.76<\/td>\n<td colspan=\"2\" width=\"56\">5.80<\/td>\n<\/tr>\n<tr>\n<td colspan=\"2\" width=\"48\">7<\/td>\n<td width=\"48\">0.26<\/td>\n<td width=\"48\">1.30<\/td>\n<td width=\"56\">0.76<\/td>\n<td colspan=\"2\" width=\"56\">5.80<\/td>\n<\/tr>\n<tr>\n<td colspan=\"2\" width=\"48\">8<\/td>\n<td width=\"48\">0.26<\/td>\n<td width=\"48\">1.30<\/td>\n<td width=\"56\">0.76<\/td>\n<td colspan=\"2\" width=\"56\">6.20<\/td>\n<\/tr>\n<tr>\n<td colspan=\"2\" width=\"48\">9<\/td>\n<td width=\"48\">0.26<\/td>\n<td width=\"48\">1.30<\/td>\n<td width=\"56\">0.76<\/td>\n<td colspan=\"2\" width=\"56\">6.80<\/td>\n<\/tr>\n<tr>\n<td colspan=\"2\" width=\"48\">10<\/td>\n<td width=\"48\">0.26<\/td>\n<td width=\"48\">1.30<\/td>\n<td width=\"56\">0.76<\/td>\n<td colspan=\"2\" width=\"56\">7.20<\/td>\n<\/tr>\n<tr>\n<td rowspan=\"9\" width=\"43\">20<\/td>\n<td rowspan=\"9\" width=\"83\">26\/0.16<\/td>\n<td rowspan=\"9\" width=\"47\">0.94<\/td>\n<td colspan=\"2\" width=\"48\">2<\/td>\n<td width=\"48\">0.27<\/td>\n<td width=\"48\">1.50<\/td>\n<td rowspan=\"9\" width=\"68\">Al-mylar+<\/p>\n<p>Copper\u00a0Braid<\/td>\n<td rowspan=\"9\" width=\"68\">26\/0.16<\/td>\n<td width=\"56\">0.76<\/td>\n<td colspan=\"2\" width=\"56\">4.80<\/td>\n<td rowspan=\"9\" width=\"106\">37.6<\/td>\n<\/tr>\n<tr>\n<td colspan=\"2\" width=\"48\">3<\/td>\n<td width=\"48\">0.27<\/td>\n<td width=\"48\">1.50<\/td>\n<td width=\"56\">0.76<\/td>\n<td colspan=\"2\" width=\"56\">5.20<\/td>\n<\/tr>\n<tr>\n<td colspan=\"2\" width=\"48\">4<\/td>\n<td width=\"48\">0.27<\/td>\n<td width=\"48\">1.50<\/td>\n<td width=\"56\">0.76<\/td>\n<td colspan=\"2\" width=\"56\">5.50<\/td>\n<\/tr>\n<tr>\n<td colspan=\"2\" width=\"48\">5<\/td>\n<td width=\"48\">0.27<\/td>\n<td width=\"48\">1.50<\/td>\n<td width=\"56\">0.76<\/td>\n<td colspan=\"2\" width=\"56\">6.00<\/td>\n<\/tr>\n<tr>\n<td colspan=\"2\" width=\"48\">6<\/td>\n<td width=\"48\">0.27<\/td>\n<td width=\"48\">1.50<\/td>\n<td width=\"56\">0.76<\/td>\n<td colspan=\"2\" width=\"56\">6.40<\/td>\n<\/tr>\n<tr>\n<td colspan=\"2\" width=\"48\">7<\/td>\n<td width=\"48\">0.27<\/td>\n<td width=\"48\">1.50<\/td>\n<td width=\"56\">0.76<\/td>\n<td colspan=\"2\" width=\"56\">6.40<\/td>\n<\/tr>\n<tr>\n<td colspan=\"2\" width=\"48\">8<\/td>\n<td width=\"48\">0.27<\/td>\n<td width=\"48\">1.50<\/td>\n<td width=\"56\">0.76<\/td>\n<td colspan=\"2\" width=\"56\">6.80<\/td>\n<\/tr>\n<tr>\n<td colspan=\"2\" width=\"48\">9<\/td>\n<td width=\"48\">0.27<\/td>\n<td width=\"48\">1.50<\/td>\n<td width=\"56\">0.76<\/td>\n<td colspan=\"2\" width=\"56\">7.50<\/td>\n<\/tr>\n<tr>\n<td colspan=\"2\" width=\"48\">10<\/td>\n<td width=\"48\">0.27<\/td>\n<td width=\"48\">1.50<\/td>\n<td width=\"56\">0.76<\/td>\n<td colspan=\"2\" width=\"56\">8.00<\/td>\n<\/tr>\n<tr>\n<td rowspan=\"9\" width=\"43\">18<\/td>\n<td rowspan=\"9\" width=\"83\">41\/0.16<\/td>\n<td rowspan=\"9\" width=\"47\">1.18<\/td>\n<td colspan=\"2\" width=\"48\">2<\/td>\n<td width=\"48\">0.30<\/td>\n<td width=\"48\">1.80<\/td>\n<td rowspan=\"9\" width=\"68\">Al-mylar+\u00a0Copper\u00a0Braid<\/td>\n<td rowspan=\"9\" width=\"68\">41\/0.16<\/td>\n<td width=\"56\">0.76<\/td>\n<td colspan=\"2\" width=\"56\">5.50<\/td>\n<td rowspan=\"9\" width=\"106\">23.9<\/td>\n<\/tr>\n<tr>\n<td colspan=\"2\" width=\"48\">3<\/td>\n<td width=\"48\">0.30<\/td>\n<td width=\"48\">1.80<\/td>\n<td width=\"56\">0.76<\/td>\n<td colspan=\"2\" width=\"56\">5.80<\/td>\n<\/tr>\n<tr>\n<td colspan=\"2\" width=\"48\">4<\/td>\n<td width=\"48\">0.30<\/td>\n<td width=\"48\">1.80<\/td>\n<td width=\"56\">0.76<\/td>\n<td colspan=\"2\" width=\"56\">6.20<\/td>\n<\/tr>\n<tr>\n<td colspan=\"2\" width=\"48\">5<\/td>\n<td width=\"48\">0.30<\/td>\n<td width=\"48\">1.80<\/td>\n<td width=\"56\">0.76<\/td>\n<td colspan=\"2\" width=\"56\">6.80<\/td>\n<\/tr>\n<tr>\n<td colspan=\"2\" width=\"48\">6<\/td>\n<td width=\"48\">0.30<\/td>\n<td width=\"48\">1.80<\/td>\n<td width=\"56\">0.76<\/td>\n<td colspan=\"2\" width=\"56\">7.50<\/td>\n<\/tr>\n<tr>\n<td colspan=\"2\" width=\"48\">7<\/td>\n<td width=\"48\">0.30<\/td>\n<td width=\"48\">1.80<\/td>\n<td width=\"56\">0.76<\/td>\n<td colspan=\"2\" width=\"56\">7.50<\/td>\n<\/tr>\n<tr>\n<td colspan=\"2\" width=\"48\">8<\/td>\n<td width=\"48\">0.30<\/td>\n<td width=\"48\">1.80<\/td>\n<td width=\"56\">0.76<\/td>\n<td colspan=\"2\" width=\"56\">7.80<\/td>\n<\/tr>\n<tr>\n<td colspan=\"2\" width=\"48\">9<\/td>\n<td width=\"48\">0.30<\/td>\n<td width=\"48\">1.80<\/td>\n<td width=\"56\">0.76<\/td>\n<td colspan=\"2\" width=\"56\">8.60<\/td>\n<\/tr>\n<tr>\n<td colspan=\"2\" width=\"48\">10<\/td>\n<td width=\"48\">0.30<\/td>\n<td width=\"48\">1.80<\/td>\n<td width=\"56\">0.76<\/td>\n<td colspan=\"2\" width=\"56\">9.20<\/td>\n<\/tr>\n<\/tbody>\n<\/table>\n<p style=\"text-align: center;\">","protected":false},"excerpt":{"rendered":"<p>Mehradriges geschirmtes Kabel, flexibel, \u00f6lbest\u00e4ndig und langlebig f\u00fcr Automobil-\/Industrieelektronik in rauen Umgebungen.<\/p>","protected":false},"featured_media":906,"comment_status":"closed","ping_status":"closed","template":"","meta":{"_acf_changed":false},"product_brand":[],"product_cat":[147,148,149],"product_tag":[],"class_list":{"0":"post-3544","1":"product","2":"type-product","3":"status-publish","4":"has-post-thumbnail","6":"product_cat-multi-core-cables","7":"product_cat-pvc-multi-core-cables","8":"product_cat-ul-certified-models-pvc-multi-core-cables-multi-core-cables","10":"first","11":"instock","12":"product-type-variable"},"acf":[],"_links":{"self":[{"href":"https:\/\/thuncables.com\/de\/wp-json\/wp\/v2\/product\/3544","targetHints":{"allow":["GET"]}}],"collection":[{"href":"https:\/\/thuncables.com\/de\/wp-json\/wp\/v2\/product"}],"about":[{"href":"https:\/\/thuncables.com\/de\/wp-json\/wp\/v2\/types\/product"}],"replies":[{"embeddable":true,"href":"https:\/\/thuncables.com\/de\/wp-json\/wp\/v2\/comments?post=3544"}],"wp:featuredmedia":[{"embeddable":true,"href":"https:\/\/thuncables.com\/de\/wp-json\/wp\/v2\/media\/906"}],"wp:attachment":[{"href":"https:\/\/thuncables.com\/de\/wp-json\/wp\/v2\/media?parent=3544"}],"wp:term":[{"taxonomy":"product_brand","embeddable":true,"href":"https:\/\/thuncables.com\/de\/wp-json\/wp\/v2\/product_brand?post=3544"},{"taxonomy":"product_cat","embeddable":true,"href":"https:\/\/thuncables.com\/de\/wp-json\/wp\/v2\/product_cat?post=3544"},{"taxonomy":"product_tag","embeddable":true,"href":"https:\/\/thuncables.com\/de\/wp-json\/wp\/v2\/product_tag?post=3544"}],"curies":[{"name":"wp","href":"https:\/\/api.w.org\/{rel}","templated":true}]}}