{"id":417,"date":"2025-03-15T17:02:02","date_gmt":"2025-03-15T09:02:02","guid":{"rendered":"https:\/\/thuncables.com\/?page_id=417"},"modified":"2025-03-15T17:11:15","modified_gmt":"2025-03-15T09:11:15","slug":"privacy-policy-2","status":"publish","type":"page","link":"https:\/\/thuncables.com\/de\/privacy-policy-2\/","title":{"rendered":"Datenschutzbestimmungen"},"content":{"rendered":"<div data-elementor-type=\"wp-page\" data-elementor-id=\"417\" class=\"elementor elementor-417\" data-elementor-post-type=\"page\">\n\t\t\t\t\t\t<section class=\"elementor-section elementor-top-section elementor-element elementor-element-bbc0e20 elementor-section-full_width elementor-section-height-min-height elementor-section-height-default elementor-section-items-middle\" data-id=\"bbc0e20\" data-element_type=\"section\" data-settings=\"{&quot;background_background&quot;:&quot;classic&quot;}\">\n\t\t\t\t\t\t<div class=\"elementor-container elementor-column-gap-default\">\n\t\t\t\t\t<div class=\"elementor-column elementor-col-100 elementor-top-column elementor-element elementor-element-36674cc\" data-id=\"36674cc\" data-element_type=\"column\">\n\t\t\t<div class=\"elementor-widget-wrap elementor-element-populated\">\n\t\t\t\t\t\t\t<\/div>\n\t\t<\/div>\n\t\t\t\t\t<\/div>\n\t\t<\/section>\n\t\t\t\t<section class=\"elementor-section elementor-top-section elementor-element elementor-element-abbb5aa elementor-section-boxed elementor-section-height-default elementor-section-height-default\" data-id=\"abbb5aa\" data-element_type=\"section\" data-settings=\"{&quot;background_background&quot;:&quot;classic&quot;}\">\n\t\t\t\t\t\t<div class=\"elementor-container elementor-column-gap-default\">\n\t\t\t\t\t<div class=\"elementor-column elementor-col-100 elementor-top-column elementor-element elementor-element-d9d3224\" data-id=\"d9d3224\" data-element_type=\"column\">\n\t\t\t<div class=\"elementor-widget-wrap elementor-element-populated\">\n\t\t\t\t\t\t<div class=\"elementor-element elementor-element-6951963 elementor-widget elementor-widget-shortcode\" data-id=\"6951963\" data-element_type=\"widget\" data-widget_type=\"shortcode.default\">\n\t\t\t\t<div class=\"elementor-widget-container\">\n\t\t\t\t\t\t\t<div class=\"elementor-shortcode\">\t\t\t<!-- Flexy Breadcrumb -->\r\n\t\t\t<div class=\"fbc fbc-page\">\r\n\r\n\t\t\t\t<!-- Breadcrumb wrapper -->\r\n\t\t\t\t<div class=\"fbc-wrap\">\r\n\r\n\t\t\t\t\t<!-- Ordered list-->\r\n\t\t\t\t\t<ol class=\"fbc-items\" itemscope itemtype=\"https:\/\/schema.org\/BreadcrumbList\">\r\n\t\t\t\t\t\t            <li itemprop=\"itemListElement\" itemscope itemtype=\"https:\/\/schema.org\/ListItem\">\r\n                <span itemprop=\"name\">\r\n                    <!-- Home Link -->\r\n                    <a itemprop=\"item\" href=\"https:\/\/thuncables.com\/de\/\">\r\n                    \r\n                                                    <i class=\"fa fa-home\" aria-hidden=\"true\"><\/i>Startseite                    <\/a>\r\n                <\/span>\r\n                <meta itemprop=\"position\" content=\"1\" \/><!-- Meta Position-->\r\n             <\/li><li><span class=\"fbc-separator\">\/<\/span><\/li><li class=\"active\" itemprop=\"itemListElement\" itemscope itemtype=\"https:\/\/schema.org\/ListItem\"><span itemprop=\"name\" title=\"Datenschutzbestimmungen\">Datenschutzbestimmungen<\/span><meta itemprop=\"position\" content=\"2\" \/><\/li>\t\t\t\t\t<\/ol>\r\n\t\t\t\t\t<div class=\"clearfix\"><\/div>\r\n\t\t\t\t<\/div>\r\n\t\t\t<\/div>\r\n\t\t\t<\/div>\n\t\t\t\t\t\t<\/div>\n\t\t\t\t<\/div>\n\t\t\t\t\t<\/div>\n\t\t<\/div>\n\t\t\t\t\t<\/div>\n\t\t<\/section>\n\t\t\t\t<section class=\"elementor-section elementor-top-section elementor-element elementor-element-8429616 elementor-section-boxed elementor-section-height-default elementor-section-height-default\" data-id=\"8429616\" data-element_type=\"section\">\n\t\t\t\t\t\t<div class=\"elementor-container elementor-column-gap-default\">\n\t\t\t\t\t<div class=\"elementor-column elementor-col-100 elementor-top-column elementor-element elementor-element-3c6933c\" data-id=\"3c6933c\" data-element_type=\"column\">\n\t\t\t<div class=\"elementor-widget-wrap elementor-element-populated\">\n\t\t\t\t\t\t<div class=\"elementor-element elementor-element-f914e36 elementor-widget elementor-widget-text-editor\" data-id=\"f914e36\" data-element_type=\"widget\" data-widget_type=\"text-editor.default\">\n\t\t\t\t<div class=\"elementor-widget-container\">\n\t\t\t\t\t\t\t\t\t<h2><strong><b>Datenschutzbestimmungen<\/b><\/strong><\/h2><p>Diese Datenschutzrichtlinie beschreibt, wie Ihre pers\u00f6nlichen Daten gesammelt, verwendet und weitergegeben werden, wenn Sie uns besuchen oder bei uns einkaufen.<\/p><p><strong><b>PERS\u00d6NLICHE INFORMATIONEN, DIE WIR SAMMELN<\/b><\/strong><\/p><p>Wenn Sie die Website besuchen, erfassen wir automatisch bestimmte Informationen \u00fcber Ihr Ger\u00e4t, einschlie\u00dflich Informationen \u00fcber Ihren Webbrowser, Ihre IP-Adresse, Ihre Zeitzone und einige der Cookies, die auf Ihrem Ger\u00e4t installiert sind. Wenn Sie auf der Website surfen, erfassen wir au\u00dferdem Informationen \u00fcber die einzelnen Webseiten oder Produkte, die Sie sich ansehen, welche Websites oder Suchbegriffe Sie auf die Website verwiesen haben, und Informationen dar\u00fcber, wie Sie mit der Website interagieren. Wir bezeichnen diese automatisch gesammelten Informationen als \"Ger\u00e4teinformationen\".<\/p><p><strong><b>Von uns gesammelte Ger\u00e4teinformationen<\/b><\/strong><\/p><p>- Cookies\" sind Datendateien, die auf Ihrem Ger\u00e4t oder Computer gespeichert werden und oft eine anonyme eindeutige Kennung enthalten. Weitere Informationen \u00fcber Cookies und wie Sie diese deaktivieren k\u00f6nnen, finden Sie unter\u00a0<a href=\"https:\/\/link.zhihu.com\/?target=http:\/\/www.allaboutcookies.org\">http:\/\/www.allaboutcookies.org<\/a>.<\/p><p>- Logdateien\" verfolgen die Aktionen auf der Website und erfassen Daten wie Ihre IP-Adresse, den Browsertyp, den Internetdienstanbieter, die Verweis- und Ausgangsseiten sowie Datums- und Zeitstempel.<\/p><p>- \"Web Beacons\", \"Tags\" und \"Pixel\" sind elektronische Dateien, die dazu dienen, Informationen dar\u00fcber aufzuzeichnen, wie Sie auf der Website surfen.<\/p><p>Wenn Sie einen Kauf t\u00e4tigen oder versuchen, einen Kauf \u00fcber die Website zu t\u00e4tigen, erfassen wir au\u00dferdem bestimmte Informationen von Ihnen, darunter Ihren Namen, Ihre Rechnungsadresse, Ihre Lieferadresse, Ihre Zahlungsinformationen (einschlie\u00dflich Kreditkartennummern), Ihre E-Mail-Adresse und Ihre Telefonnummer. Wir bezeichnen diese Informationen als \"Bestellinformationen\".<\/p><p>Wenn wir in dieser Datenschutzrichtlinie von \"pers\u00f6nlichen Daten\" sprechen, meinen wir damit sowohl Ger\u00e4te- als auch Bestelldaten.<\/p><p><strong><b>WIE VERWENDEN WIR IHRE PERS\u00d6NLICHEN DATEN?<\/b><\/strong><\/p><p>Wir verwenden die von uns gesammelten Bestellinformationen im Allgemeinen, um alle \u00fcber die Website aufgegebenen Bestellungen auszuf\u00fchren (einschlie\u00dflich der Verarbeitung Ihrer Zahlungsinformationen, der Organisation des Versands und der \u00dcbermittlung von Rechnungen und\/oder Auftragsbest\u00e4tigungen). Au\u00dferdem verwenden wir diese Bestellinformationen, um:<\/p><p>- Mit Ihnen kommunizieren;<\/p><p>- \u00dcberpr\u00fcfung unserer Bestellungen auf potenzielle Risiken oder Betrug;<\/p><p>- Wenn es den Pr\u00e4ferenzen entspricht, die Sie uns mitgeteilt haben, k\u00f6nnen wir Ihnen Informationen oder Werbung zu unseren Produkten oder Dienstleistungen zukommen lassen.<\/p><p>Wir verwenden die gesammelten Ger\u00e4teinformationen, um uns bei der Suche nach potenziellen Risiken und Betrug zu helfen (insbesondere Ihre IP-Adresse) und ganz allgemein, um unsere Website zu verbessern und zu optimieren (z. B. durch die Erstellung von Analysen dar\u00fcber, wie unsere Kunden auf der Website surfen und mit ihr interagieren, und um den Erfolg unserer Marketing- und Werbekampagnen zu bewerten).<\/p><p><strong><b>WEITERGABE IHRER PERS\u00d6NLICHEN INFORMATIONEN<\/b><\/strong><\/p><p>Wir geben Ihre pers\u00f6nlichen Daten an Dritte weiter, die uns dabei helfen, Ihre pers\u00f6nlichen Daten wie oben beschrieben zu verwenden. Zum Beispiel verwenden wir Wordpress Soft, um unsere Website zu betreiben.<\/p><p>Wir verwenden auch Google Analytics, um zu verstehen, wie unsere Kunden die Website nutzen - Sie k\u00f6nnen hier mehr dar\u00fcber lesen, wie Google Ihre pers\u00f6nlichen Daten verwendet:\u00a0<a href=\"https:\/\/link.zhihu.com\/?target=https:\/\/www.google.com\/intl\/en\/policies\/privacy\/\">https:\/\/www.google.com\/intl\/en\/policies\/privacy\/<\/a>. Sie k\u00f6nnen Google Analytics auch hier deaktivieren:\u00a0<a href=\"https:\/\/link.zhihu.com\/?target=https:\/\/tools.google.com\/dlpage\/gaoptout\">https:\/\/tools.google.com\/dlpage\/gaoptout<\/a>.<\/p><p>Schlie\u00dflich k\u00f6nnen wir Ihre pers\u00f6nlichen Daten auch weitergeben, um geltende Gesetze und Vorschriften einzuhalten, um auf eine Vorladung, einen Durchsuchungsbefehl oder eine andere rechtm\u00e4\u00dfige Anfrage nach Informationen zu reagieren, die wir erhalten, oder um unsere Rechte anderweitig zu sch\u00fctzen.<\/p><p><strong><b>VERHALTENSBASIERTE WERBUNG<\/b><\/strong><\/p><p>Wie oben beschrieben, verwenden wir Ihre pers\u00f6nlichen Daten, um Ihnen gezielte Werbung oder Marketingkommunikation zukommen zu lassen, von der wir glauben, dass sie f\u00fcr Sie von Interesse sein k\u00f6nnte. Weitere Informationen dar\u00fcber, wie gezielte Werbung funktioniert, finden Sie auf der Bildungsseite der Network Advertising Initiative (\"NAI\") unter\u00a0<a href=\"https:\/\/link.zhihu.com\/?target=http:\/\/www.networkadvertising.org\/understanding-online-advertising\/how-does-it-work\">http:\/\/www.networkadvertising.org\/understanding-online-advertising\/how-does-it-work<\/a>.<\/p><p>Sie k\u00f6nnen sich gegen gezielte Werbung entscheiden, indem Sie die nachstehenden Links verwenden:<\/p><p>- Facebook:\u00a0<a href=\"https:\/\/link.zhihu.com\/?target=https:\/\/www.facebook.com\/settings\/?tab=ads\">https:\/\/www.facebook.com\/settings\/?tab=ads<\/a><\/p><p>- Google:\u00a0<a href=\"https:\/\/link.zhihu.com\/?target=https:\/\/www.google.com\/settings\/ads\/anonymous\">https:\/\/www.google.com\/settings\/ads\/anonymous<\/a><\/p><p>- Bing:\u00a0<a href=\"https:\/\/link.zhihu.com\/?target=https:\/\/advertise.bingads.microsoft.com\/en-us\/resources\/policies\/personalized-ads\">https:\/\/advertise.bingads.microsoft.com\/en-us\/resources\/policies\/personalized-ads<\/a><\/p><p>Dar\u00fcber hinaus k\u00f6nnen Sie sich von einigen dieser Dienste abmelden, indem Sie das Abmeldeportal der Digital Advertising Alliance unter folgender Adresse besuchen:\u00a0<a href=\"https:\/\/link.zhihu.com\/?target=http:\/\/optout.aboutads.info\/\">http:\/\/optout.aboutads.info\/<\/a>.<\/p><p><strong><b>NICHT VERFOLGEN<\/b><\/strong><\/p><p>Bitte beachten Sie, dass wir die Datenerfassungs- und -verwendungspraktiken unserer Website nicht \u00e4ndern, wenn wir ein \"Do Not Track\"-Signal von Ihrem Browser sehen.<\/p><p><strong><b>IHRE RECHTE<\/b><\/strong><\/p><p>Wenn Sie in Europa ans\u00e4ssig sind, haben Sie das Recht, auf die von uns \u00fcber Sie gespeicherten personenbezogenen Daten zuzugreifen und die Berichtigung, Aktualisierung oder L\u00f6schung Ihrer personenbezogenen Daten zu verlangen. Wenn Sie dieses Recht aus\u00fcben m\u00f6chten, kontaktieren Sie uns bitte \u00fcber die unten stehenden Kontaktdaten.<\/p><p>Wenn Sie in Europa ans\u00e4ssig sind, weisen wir au\u00dferdem darauf hin, dass wir Ihre Daten verarbeiten, um Vertr\u00e4ge zu erf\u00fcllen, die wir mit Ihnen geschlossen haben (z. B. wenn Sie eine Bestellung \u00fcber die Website aufgeben), oder um unsere oben aufgef\u00fchrten legitimen Gesch\u00e4ftsinteressen zu verfolgen. Bitte beachten Sie au\u00dferdem, dass Ihre Daten au\u00dferhalb Europas, einschlie\u00dflich Kanada und den Vereinigten Staaten, \u00fcbermittelt werden.<\/p><p><strong><b>DATENAUFBEWAHRUNG<\/b><\/strong><\/p><p>Wenn Sie eine Bestellung \u00fcber die Website aufgeben, werden wir Ihre Bestellinformationen f\u00fcr unsere Unterlagen aufbewahren, bis Sie uns bitten, diese Informationen zu l\u00f6schen.<\/p><p><strong><b>\u00c4NDERUNGEN<\/b><\/strong><\/p><p>Wir behalten uns vor, diese Datenschutzrichtlinie von Zeit zu Zeit zu aktualisieren, um beispielsweise \u00c4nderungen unserer Praktiken oder andere betriebliche, rechtliche oder regulatorische Gr\u00fcnde zu ber\u00fccksichtigen.<\/p><p><strong><b>MINOREN<\/b><\/strong><\/p><p>Die Website ist nicht f\u00fcr Personen unter 13 Jahren bestimmt.<\/p><p><strong><b>KONTAKT US<\/b><\/strong><\/p><p>Wenn Sie weitere Informationen \u00fcber unsere Datenschutzpraktiken w\u00fcnschen, Fragen haben oder sich beschweren m\u00f6chten, kontaktieren Sie uns bitte unter den unten angegebenen Kontaktdaten:<\/p><p>Firmenname\uff1aDongguan Chitian Electronics Technology Co, Ltd.<\/p><p>Firmen-E-Mail\uff1a<a href=\"mailto:nicoleshen685@gmail.com\">nicoleshen685@gmail.com<\/a><\/p><p>Adresse: Nr. 16, Sifang Industrial Park, Huimen Town, Humen Town, Dongguan City, Guangdong Province, People's Republic of China<\/p>\t\t\t\t\t\t\t\t<\/div>\n\t\t\t\t<\/div>\n\t\t\t\t\t<\/div>\n\t\t<\/div>\n\t\t\t\t\t<\/div>\n\t\t<\/section>\n\t\t\t\t<\/div>","protected":false},"excerpt":{"rendered":"<p>Privacy policy This Privacy Policy describes how your personal information is collected, used, and shared when you visit or make a purchase on us. PERSONAL INFORMATION WE COLLECT When you visit the Site, we automatically collect certain information about your device, including information about your web browser, IP address, time zone, and some of the [&hellip;]<\/p>","protected":false},"author":1,"featured_media":0,"parent":0,"menu_order":0,"comment_status":"closed","ping_status":"closed","template":"elementor_header_footer","meta":{"_acf_changed":false,"footnotes":""},"class_list":["post-417","page","type-page","status-publish","hentry"],"acf":[],"_links":{"self":[{"href":"https:\/\/thuncables.com\/de\/wp-json\/wp\/v2\/pages\/417","targetHints":{"allow":["GET"]}}],"collection":[{"href":"https:\/\/thuncables.com\/de\/wp-json\/wp\/v2\/pages"}],"about":[{"href":"https:\/\/thuncables.com\/de\/wp-json\/wp\/v2\/types\/page"}],"author":[{"embeddable":true,"href":"https:\/\/thuncables.com\/de\/wp-json\/wp\/v2\/users\/1"}],"replies":[{"embeddable":true,"href":"https:\/\/thuncables.com\/de\/wp-json\/wp\/v2\/comments?post=417"}],"version-history":[{"count":0,"href":"https:\/\/thuncables.com\/de\/wp-json\/wp\/v2\/pages\/417\/revisions"}],"wp:attachment":[{"href":"https:\/\/thuncables.com\/de\/wp-json\/wp\/v2\/media?parent=417"}],"curies":[{"name":"wp","href":"https:\/\/api.w.org\/{rel}","templated":true}]}}